{"id":16360,"date":"2025-09-23T16:09:49","date_gmt":"2025-09-23T16:09:49","guid":{"rendered":"https:\/\/hotelklimtxalapa.com\/?page_id=16360"},"modified":"2025-09-23T16:11:59","modified_gmt":"2025-09-23T16:11:59","slug":"reglamento-eventos","status":"publish","type":"page","link":"https:\/\/hotelklimtxalapa.com\/en\/reglamento-eventos\/","title":{"rendered":"Events Regulations"},"content":{"rendered":"\t\t<div data-elementor-type=\"wp-page\" data-elementor-id=\"16360\" class=\"elementor elementor-16360\">\n\t\t\t\t\t\t\t\t\t<section class=\" elementor-section  lazyelementorbackgroundimages elementor-top-section elementor-element elementor-element-50476a6 elementor-section-full_width elementor-section-height-min-height elementor-section-stretched elementor-section-height-default elementor-section-items-middle\" data-id=\"50476a6\" data-element_type=\"section\" data-settings=\"{&quot;background_background&quot;:&quot;classic&quot;,&quot;stretch_section&quot;:&quot;section-stretched&quot;}\">\n\t\t\t\t\t\t<div class=\"elementor-container elementor-column-gap-default\">\n\t\t\t\t\t<div class=\"elementor-column elementor-col-100 elementor-top-column elementor-element elementor-element-45d65ef\" data-id=\"45d65ef\" data-element_type=\"column\" data-settings=\"{&quot;background_background&quot;:&quot;classic&quot;}\">\n\t\t\t<div class=\" elementor-widget-wrap lazyelementorbackgroundimages  elementor-element-populated\">\n\t\t\t\t\t\t\t\t<div class=\"elementor-element elementor-element-47ec04a elementor-widget elementor-widget-heading\" data-id=\"47ec04a\" data-element_type=\"widget\" data-widget_type=\"heading.default\">\n\t\t\t\t<div class=\"elementor-widget-container\">\n\t\t\t<style>\/*! elementor - v3.9.2 - 21-12-2022 *\/\n.elementor-heading-title{padding:0;margin:0;line-height:1}.elementor-widget-heading .elementor-heading-title[class*=elementor-size-]>a{color:inherit;font-size:inherit;line-height:inherit}.elementor-widget-heading .elementor-heading-title.elementor-size-small{font-size:15px}.elementor-widget-heading .elementor-heading-title.elementor-size-medium{font-size:19px}.elementor-widget-heading .elementor-heading-title.elementor-size-large{font-size:29px}.elementor-widget-heading .elementor-heading-title.elementor-size-xl{font-size:39px}.elementor-widget-heading .elementor-heading-title.elementor-size-xxl{font-size:59px}<\/style><h2 class=\"elementor-heading-title elementor-size-default\">Reglamento Eventos <\/h2>\t\t<\/div>\n\t\t\t\t<\/div>\n\t\t\t\t\t<\/div>\n\t\t<\/div>\n\t\t\t\t\t\t\t<\/div>\n\t\t<\/section>\n\t\t\t\t<section class=\" elementor-section  lazyelementorbackgroundimages elementor-top-section elementor-element elementor-element-29358227 elementor-section-boxed elementor-section-height-default elementor-section-height-default\" data-id=\"29358227\" data-element_type=\"section\">\n\t\t\t\t\t\t<div class=\"elementor-container elementor-column-gap-default\">\n\t\t\t\t\t<div class=\"elementor-column elementor-col-100 elementor-top-column elementor-element elementor-element-5a93c293\" data-id=\"5a93c293\" data-element_type=\"column\">\n\t\t\t<div class=\" elementor-widget-wrap lazyelementorbackgroundimages  elementor-element-populated\">\n\t\t\t\t\t\t\t\t<div class=\"elementor-element elementor-element-4c5a8a17 elementor-widget elementor-widget-text-editor\" data-id=\"4c5a8a17\" data-element_type=\"widget\" data-widget_type=\"text-editor.default\">\n\t\t\t\t<div class=\"elementor-widget-container\">\n\t\t\t<style>\/*! elementor - v3.9.2 - 21-12-2022 *\/\n.elementor-widget-text-editor.elementor-drop-cap-view-stacked .elementor-drop-cap{background-color:#818a91;color:#fff}.elementor-widget-text-editor.elementor-drop-cap-view-framed .elementor-drop-cap{color:#818a91;border:3px solid;background-color:transparent}.elementor-widget-text-editor:not(.elementor-drop-cap-view-default) .elementor-drop-cap{margin-top:8px}.elementor-widget-text-editor:not(.elementor-drop-cap-view-default) .elementor-drop-cap-letter{width:1em;height:1em}.elementor-widget-text-editor .elementor-drop-cap{float:left;text-align:center;line-height:1;font-size:50px}.elementor-widget-text-editor .elementor-drop-cap-letter{display:inline-block}<\/style>\t\t\t\t<p style=\"text-align: center;\"><strong>REGLAMENTO INTERNO DE SALONES PARA EVENTOS SOCIALES DE HOTEL KLIMT<\/strong><\/p>\n<p><!-- \/wp:list --><\/p>\t\t\t\t\t\t<\/div>\n\t\t\t\t<\/div>\n\t\t\t\t\t<\/div>\n\t\t<\/div>\n\t\t\t\t\t\t\t<\/div>\n\t\t<\/section>\n\t\t\t\t<section class=\" elementor-section  lazyelementorbackgroundimages elementor-top-section elementor-element elementor-element-715a957 elementor-section-boxed elementor-section-height-default elementor-section-height-default\" data-id=\"715a957\" data-element_type=\"section\">\n\t\t\t\t\t\t<div class=\"elementor-container elementor-column-gap-default\">\n\t\t\t\t\t<div class=\"elementor-column elementor-col-100 elementor-top-column elementor-element elementor-element-48aed3f\" data-id=\"48aed3f\" data-element_type=\"column\">\n\t\t\t<div class=\" elementor-widget-wrap lazyelementorbackgroundimages  elementor-element-populated\">\n\t\t\t\t\t\t\t\t<div class=\"elementor-element elementor-element-ef43bba elementor-widget elementor-widget-text-editor\" data-id=\"ef43bba\" data-element_type=\"widget\" data-widget_type=\"text-editor.default\">\n\t\t\t\t<div class=\"elementor-widget-container\">\n\t\t\t\t\t\t\t<p><strong>1. HORARIOS Y M\u00daSICA.<\/strong><br \/>El horario de uso del sal\u00f3n se establecer\u00e1 en el contrato. El cliente deber\u00e1 respetar el tiempo pactado en caso de<br \/>excederlo de aplicar un cargo adicional por cada hora extra sin que esta exceda las 00:00 horas.<br \/>El horario permitido de uso de bocinas, micr\u00f3fonos y m\u00fasica en vivo es como m\u00e1ximo hasta las 22:00 horas, debiendo<br \/>en todo momento respetar los l\u00edmites m\u00e1ximos permisibles de dB establecidos en la NOM-081-SEMARNAT-1994, mismos<br \/>que se encuentran se\u00f1alados en el sal\u00f3n.<br \/>Horarios:<br \/>6:00 a 22:00 Hrs un m\u00e1ximo de 68 dB<br \/>22:00 a 6:00 Hrs un m\u00e1ximo de 65 dB<br \/>En caso de incumplimiento, el hotel se encuentra facultado para ejecutar la suspensi\u00f3n del evento y el cliente asumir\u00e1<br \/>las consecuencias legales o administrativas que se deriven.<\/p>\n<p><br \/><strong>2. CAPACIDAD Y MOBILIARIO.<\/strong><br \/>&#8211; No se permitir\u00e1 el acceso a m\u00e1s personas de las pactadas en el contrato.<br \/>&#8211; No se proporcionar\u00e1 mobiliario adicional (sillas, mesas, etc.) fuera del contratado.<br \/>&#8211; Para incrementos de personas o servicios, deber\u00e1 elaborarse un \u201canexo al contrato\u201d, especificando costos<br \/>adicionales.<\/p>\n<p><br \/><strong>3. USO DE INSTALACIONES.<\/strong><br \/>&#8211; Est\u00e1 prohibido consumir alimentos en los pasillos de los salones y del hotel.<br \/>&#8211; Queda prohibido que los asistentes al evento se sienten en el piso de los pasillos.<br \/>&#8211; Est\u00e1 prohibido clavar, pegar o colocar cinta adhesiva en paredes y techos de los salones. En el suelo solo<br \/>podr\u00e1 usarse cinta de tela adherible plateada.<br \/>&#8211; Esta estrictamente prohibido el uso de velas, pirotecnia o fuego.<br \/>&#8211; El \u00e1rea de pasillos y WC del piso del pent-house son para el servicio exclusivo de las personas que asisten a<br \/>los eventos, exhort\u00e1ndolos a mantener orden y buena conducta en dichas \u00e1reas.<br \/>&#8211; No utilizar papel china, qu\u00edmicos, ni espuma en el evento contratado.<\/p>\n<p><br \/><strong>4. RESPONSABILIDADES DEL CLIENTE.<\/strong><br \/>&#8211; El cliente ser\u00e1 responsable de los da\u00f1os y perjuicios ocasionados al mobiliario, equipo, personal o<br \/>instalaciones.<br \/>&#8211; El cliente ser\u00e1 responsable ante las autoridades competentes por cualquier desorden o conducta il\u00edcita de<br \/>sus invitados.<br \/>&#8211; El cliente deber\u00e1 designar a una persona de confianza que funja como representante durante el evento y<br \/>sea el \u00fanico autorizado para tratar asuntos con el personal del hotel.<br \/>&#8211; El cliente deber\u00e1 cuidar todo el equipo que se proporcione de acuerdo con el servicio contratado.<br \/>En el caso de los controles de clima, proyector, cable HDMI y micr\u00f3fonos deber\u00e1n ser devueltos a la persona<br \/>a cargo de su contrato.<br \/>El extrav\u00edo de cualquiera de estos tendr\u00e1 un costo de $500.00 (quinientos pesos 00\/100 M.N.). por pieza<br \/>extraviada.<br \/>&#8211; El sal\u00f3n debe entregarse en las condiciones que se recibi\u00f3 con la persona que se contrat\u00f3 el evento o quien<br \/>haya quedado a cargo de este.<br \/>En caso de existir da\u00f1os, deber\u00e1n ser cubiertos en su totalidad por el contratante.<\/p>\n<p><br \/><strong>5. ESTACIONAMIENTO.<\/strong><br \/>&#8211; El uso de estacionamiento estar\u00e1 sujeto a disponibilidad y la administraci\u00f3n no se hace responsable por<br \/>objetos dejados en el interior del veh\u00edculo.<br \/>&#8211; Hotel Klimt, se libera de toda responsabilidad de golpes o da\u00f1os a veh\u00edculos dentro del estacionamiento,<br \/>vialidad o alg\u00fan otro dentro y fuera de del hotel, ocasionados por terceros u otros da\u00f1os ocasionados por la naturaleza o que vengan del exterior, por incendio, por robo parcial o total de la unidad, as\u00ed como objetos<br \/>dejados dentro de la unidad.<\/p>\n<p><br \/><strong>6. EVENTOS SIMULT\u00c1NEOS.<\/strong><br \/>El hotel se reserva el derecho de realizar m\u00e1s de un evento en la misma fecha, en salones distintos no contemplados<br \/>en el contrato.<\/p>\n<p><br \/><strong>7. SUSPENSI\u00d3N DE EVENTOS.<\/strong><br \/>El hotel no se hace responsable por suspensi\u00f3n de servicios ocasionada por motivos meteorol\u00f3gicos o sociales ajenos<br \/>a su control.<br \/>En estos casos no habr\u00e1 reembolso; el cliente deber\u00e1 cubrir los gastos previamente pactados.<\/p>\n<p><br \/><strong>8. DISPOSICIONES GENERALES<\/strong><br \/>&#8211; EL Incumplimiento de cualquiera de estos puntos del reglamento dar\u00e1 derecho a la administraci\u00f3n a<br \/>suspender el evento sin devoluci\u00f3n.<br \/>&#8211; La administraci\u00f3n se reserva el derecho de admisi\u00f3n y de modificar este reglamento en cualquier momento.<\/p>\n<p><br \/><strong>8. AVISO DE PRIVACIDAD.<\/strong><br \/>Los datos personales del cliente y sus invitados se encuentran protegidos conforme a la legislaci\u00f3n vigente.<br \/>El aviso de privacidad puede consultarse en:<br \/>https:\/\/hotelklimtxalapa.com\/aviso-privacidad\/](https:\/\/hotelklimtxalapa.com\/aviso-privacidad\/)<\/p>\t\t\t\t\t\t<\/div>\n\t\t\t\t<\/div>\n\t\t\t\t\t<\/div>\n\t\t<\/div>\n\t\t\t\t\t\t\t<\/div>\n\t\t<\/section>\n\t\t\t\t\t\t\t<\/div>\n\t\t","protected":false},"excerpt":{"rendered":"<p>Reglamento Eventos REGLAMENTO INTERNO DE SALONES PARA EVENTOS SOCIALES DE HOTEL KLIMT 1. HORARIOS Y M\u00daSICA.El horario de uso del sal\u00f3n se establecer\u00e1 en el contrato. El cliente deber\u00e1 respetar el tiempo pactado en caso deexcederlo de aplicar un cargo adicional por cada hora extra sin que esta exceda las 00:00 horas.El horario permitido de [&hellip;]<\/p>\n","protected":false},"author":1,"featured_media":0,"parent":0,"menu_order":0,"comment_status":"closed","ping_status":"closed","template":"elementor_header_footer","meta":{"footnotes":""},"class_list":["post-16360","page","type-page","status-publish","hentry"],"yoast_head":"<!-- This site is optimized with the Yoast SEO plugin v27.1.1 - https:\/\/yoast.com\/product\/yoast-seo-wordpress\/ -->\n<title>Reglamento Eventos | Hotel en Xalapa<\/title>\n<meta name=\"description\" content=\"Lee nuestro Aviso de Privacidad para conocer c\u00f3mo recopilamos, utilizamos y protegemos tu informaci\u00f3n personal.\" \/>\n<meta name=\"robots\" content=\"index, follow, max-snippet:-1, max-image-preview:large, max-video-preview:-1\" \/>\n<link rel=\"canonical\" href=\"https:\/\/hotelklimtxalapa.com\/en\/reglamento-eventos\/\" \/>\n<script type=\"application\/ld+json\" class=\"yoast-schema-graph\">{\"@context\":\"https:\/\/schema.org\",\"@graph\":[{\"@type\":\"BreadcrumbList\",\"@id\":\"https:\/\/hotelklimtxalapa.com\/reglamento-eventos\/#breadcrumb\",\"itemListElement\":[{\"@type\":\"ListItem\",\"position\":1,\"name\":\"Portada\",\"item\":\"https:\/\/hotelklimtxalapa.com\/\"},{\"@type\":\"ListItem\",\"position\":2,\"name\":\"Reglamento Eventos\"}]}]}<\/script>\n<!-- \/ Yoast SEO plugin. -->","yoast_head_json":{"title":"Reglamento Eventos | Hotel en Xalapa","description":"Read our Privacy Notice to learn how we collect, use, and protect your personal information.","robots":{"index":"index","follow":"follow","max-snippet":"max-snippet:-1","max-image-preview":"max-image-preview:large","max-video-preview":"max-video-preview:-1"},"canonical":"https:\/\/hotelklimtxalapa.com\/en\/reglamento-eventos\/","schema":{"@context":"https:\/\/schema.org","@graph":[{"@type":"BreadcrumbList","@id":"https:\/\/hotelklimtxalapa.com\/reglamento-eventos\/#breadcrumb","itemListElement":[{"@type":"ListItem","position":1,"name":"Portada","item":"https:\/\/hotelklimtxalapa.com\/"},{"@type":"ListItem","position":2,"name":"Reglamento Eventos"}]}]}},"jetpack_sharing_enabled":true,"_links":{"self":[{"href":"https:\/\/hotelklimtxalapa.com\/en\/wp-json\/wp\/v2\/pages\/16360","targetHints":{"allow":["GET"]}}],"collection":[{"href":"https:\/\/hotelklimtxalapa.com\/en\/wp-json\/wp\/v2\/pages"}],"about":[{"href":"https:\/\/hotelklimtxalapa.com\/en\/wp-json\/wp\/v2\/types\/page"}],"author":[{"embeddable":true,"href":"https:\/\/hotelklimtxalapa.com\/en\/wp-json\/wp\/v2\/users\/1"}],"replies":[{"embeddable":true,"href":"https:\/\/hotelklimtxalapa.com\/en\/wp-json\/wp\/v2\/comments?post=16360"}],"version-history":[{"count":7,"href":"https:\/\/hotelklimtxalapa.com\/en\/wp-json\/wp\/v2\/pages\/16360\/revisions"}],"predecessor-version":[{"id":16367,"href":"https:\/\/hotelklimtxalapa.com\/en\/wp-json\/wp\/v2\/pages\/16360\/revisions\/16367"}],"wp:attachment":[{"href":"https:\/\/hotelklimtxalapa.com\/en\/wp-json\/wp\/v2\/media?parent=16360"}],"curies":[{"name":"wp","href":"https:\/\/api.w.org\/{rel}","templated":true}]}}