{"id":3,"date":"2022-04-29T14:09:39","date_gmt":"2022-04-29T14:09:39","guid":{"rendered":"https:\/\/hotelklimtxalapa.com\/?page_id=3"},"modified":"2024-08-09T20:49:04","modified_gmt":"2024-08-09T20:49:04","slug":"aviso-de-privacidad","status":"publish","type":"page","link":"https:\/\/hotelklimtxalapa.com\/en\/aviso-de-privacidad\/","title":{"rendered":"Privacy Policy"},"content":{"rendered":"\t\t<div data-elementor-type=\"wp-page\" data-elementor-id=\"3\" class=\"elementor elementor-3\">\n\t\t\t\t\t\t\t\t\t<section class=\" elementor-section  lazyelementorbackgroundimages elementor-top-section elementor-element elementor-element-50476a6 elementor-section-full_width elementor-section-height-min-height elementor-section-stretched elementor-section-height-default elementor-section-items-middle\" data-id=\"50476a6\" data-element_type=\"section\" data-settings=\"{&quot;background_background&quot;:&quot;classic&quot;,&quot;stretch_section&quot;:&quot;section-stretched&quot;}\">\n\t\t\t\t\t\t<div class=\"elementor-container elementor-column-gap-default\">\n\t\t\t\t\t<div class=\"elementor-column elementor-col-100 elementor-top-column elementor-element elementor-element-45d65ef\" data-id=\"45d65ef\" data-element_type=\"column\" data-settings=\"{&quot;background_background&quot;:&quot;classic&quot;}\">\n\t\t\t<div class=\" elementor-widget-wrap lazyelementorbackgroundimages  elementor-element-populated\">\n\t\t\t\t\t\t\t\t<div class=\"elementor-element elementor-element-47ec04a elementor-widget elementor-widget-heading\" data-id=\"47ec04a\" data-element_type=\"widget\" data-widget_type=\"heading.default\">\n\t\t\t\t<div class=\"elementor-widget-container\">\n\t\t\t<style>\/*! elementor - v3.9.2 - 21-12-2022 *\/\n.elementor-heading-title{padding:0;margin:0;line-height:1}.elementor-widget-heading .elementor-heading-title[class*=elementor-size-]>a{color:inherit;font-size:inherit;line-height:inherit}.elementor-widget-heading .elementor-heading-title.elementor-size-small{font-size:15px}.elementor-widget-heading .elementor-heading-title.elementor-size-medium{font-size:19px}.elementor-widget-heading .elementor-heading-title.elementor-size-large{font-size:29px}.elementor-widget-heading .elementor-heading-title.elementor-size-xl{font-size:39px}.elementor-widget-heading .elementor-heading-title.elementor-size-xxl{font-size:59px}<\/style><h2 class=\"elementor-heading-title elementor-size-default\">Aviso de Privacidad<\/h2>\t\t<\/div>\n\t\t\t\t<\/div>\n\t\t\t\t\t<\/div>\n\t\t<\/div>\n\t\t\t\t\t\t\t<\/div>\n\t\t<\/section>\n\t\t\t\t<section class=\" elementor-section  lazyelementorbackgroundimages elementor-top-section elementor-element elementor-element-29358227 elementor-section-boxed elementor-section-height-default elementor-section-height-default\" data-id=\"29358227\" data-element_type=\"section\">\n\t\t\t\t\t\t<div class=\"elementor-container elementor-column-gap-default\">\n\t\t\t\t\t<div class=\"elementor-column elementor-col-100 elementor-top-column elementor-element elementor-element-5a93c293\" data-id=\"5a93c293\" data-element_type=\"column\">\n\t\t\t<div class=\" elementor-widget-wrap lazyelementorbackgroundimages  elementor-element-populated\">\n\t\t\t\t\t\t\t\t<div class=\"elementor-element elementor-element-4c5a8a17 elementor-widget elementor-widget-text-editor\" data-id=\"4c5a8a17\" data-element_type=\"widget\" data-widget_type=\"text-editor.default\">\n\t\t\t\t<div class=\"elementor-widget-container\">\n\t\t\t<style>\/*! elementor - v3.9.2 - 21-12-2022 *\/\n.elementor-widget-text-editor.elementor-drop-cap-view-stacked .elementor-drop-cap{background-color:#818a91;color:#fff}.elementor-widget-text-editor.elementor-drop-cap-view-framed .elementor-drop-cap{color:#818a91;border:3px solid;background-color:transparent}.elementor-widget-text-editor:not(.elementor-drop-cap-view-default) .elementor-drop-cap{margin-top:8px}.elementor-widget-text-editor:not(.elementor-drop-cap-view-default) .elementor-drop-cap-letter{width:1em;height:1em}.elementor-widget-text-editor .elementor-drop-cap{float:left;text-align:center;line-height:1;font-size:50px}.elementor-widget-text-editor .elementor-drop-cap-letter{display:inline-block}<\/style>\t\t\t\t<p><!-- wp:paragraph --><\/p>\n<p>Hotel Klimt con domicilio en Av. Miguel Alem\u00e1n #310 Colonia Laderas de Macuiltepetl, Cp. 91130, Xalapa, Veracruz, M\u00e9xico, es responsable de la obtenci\u00f3n y uso de sus datos personales, del uso que se les d\u00e9, as\u00ed como de su protecci\u00f3n.<br \/>En atenci\u00f3n a los se\u00f1alado en los art\u00edculos 8,15,16 y 36 de la LEY FEDERAL DE PROTECCION DE DATOS PERSONALES EN<br \/>POSESI\u00d3N DE LOS PARTICULARES (LFPDPPP).<\/p>\n<p><!-- \/wp:list --><\/p>\t\t\t\t\t\t<\/div>\n\t\t\t\t<\/div>\n\t\t\t\t\t<\/div>\n\t\t<\/div>\n\t\t\t\t\t\t\t<\/div>\n\t\t<\/section>\n\t\t\t\t<section class=\" elementor-section  lazyelementorbackgroundimages elementor-top-section elementor-element elementor-element-5940d39 elementor-section-boxed elementor-section-height-default elementor-section-height-default\" data-id=\"5940d39\" data-element_type=\"section\">\n\t\t\t\t\t\t<div class=\"elementor-container elementor-column-gap-default\">\n\t\t\t\t\t<div class=\"elementor-column elementor-col-100 elementor-top-column elementor-element elementor-element-7bc3c0e\" data-id=\"7bc3c0e\" data-element_type=\"column\">\n\t\t\t<div class=\" elementor-widget-wrap lazyelementorbackgroundimages  elementor-element-populated\">\n\t\t\t\t\t\t\t\t<div class=\"elementor-element elementor-element-7a07eeb elementor-widget elementor-widget-text-editor\" data-id=\"7a07eeb\" data-element_type=\"widget\" data-widget_type=\"text-editor.default\">\n\t\t\t\t<div class=\"elementor-widget-container\">\n\t\t\t\t\t\t\t<p>Los datos personales solicitados son:<br>\u2022 Nombre completo (Nombres, Apellido paterno y materno).<br>\u2022&nbsp;Firma del Hu\u00e9sped<br>\u2022&nbsp;Tel\u00e9fono de casa y Tel\u00e9fono celular.<br>\u2022&nbsp;Datos de Tarjeta de cr\u00e9dito o debito<br>\u2022&nbsp;E-mail.<br>\u2022&nbsp;Domicilio.<br>\u2022&nbsp;Estado de su Procedencia.<br>\u2022&nbsp;RFC<\/p>\n<p>Esta informaci\u00f3n ser\u00e1 utilizada con las siguientes finalidades:<br>\u2022 Seguridad en la estancia del hu\u00e9sped.<br>\u2022&nbsp;Elaboraci\u00f3n de reservaciones<br>\u2022&nbsp;Comprobantes fiscales.<br>\u2022&nbsp;Env\u00edo de informaci\u00f3n promocional de la empresa<br>\u2022&nbsp;Para generar una base de datos de los clientes;<br>\u2022&nbsp;Mejora del control y realizaci\u00f3n de los procesos subsecuentes de servicio.<\/p>\n<p><b>Seguridad y resguardo de sus datos personales.<\/b><\/p>\n<p>Hotel Klimt tiene como finalidad que los datos personales y\/o datos sensibles, que en su caso sean recabados por virtud del presente Aviso de Privacidad, puedan ser utilizados para la debida operaci\u00f3n y fines del Hotel y a las autoridades<br>gubernamentales que as\u00ed lo requieran; lo anterior con el objeto de que los mismos puedan ser utilizados para efectos,<br>administrativos, mercadol\u00f3gicos, ventas, estad\u00edsticos y otros que puedan ser de inter\u00e9s y\/o en beneficio del Titular.<br>El resguardo de los datos personales corre a cargo de Hotel Klimt, quien tomar\u00e1 las medidas necesarias para la evitar la<br>p\u00e9rdida y\/o sustracci\u00f3n de la informaci\u00f3n almacenada en archivos f\u00edsicos y digitales.<br>Nos comprometemos a no transferir su informaci\u00f3n personal a terceros sin su consentimiento, salvo las excepciones previstas en el art\u00edculo 37 de la Ley Federal de Protecci\u00f3n de Datos Personales en Posesi\u00f3n de los Particulares, as\u00ed como a realizar esta transferencia en los t\u00e9rminos que fija esa ley.<br>Para las excepciones previstas en el art\u00edculo 37 de la Ley Federal de Protecci\u00f3n de Datos si usted no manifiesta su oposici\u00f3n para que sus datos personales sean transferidos, se entender\u00e1 que ha otorgado su consentimiento para ello.<\/p>\n<p>Medios para ejercer los derechos ARCO.<\/p>\n<p>Usted tiene el derecho de: (i) acceder a sus datos personales en nuestro poder y conocer los detalles del tratamiento de los<br>mismos, (ii) rectificarlos en caso de ser inexactos o incompletos, (iii) cancelarlos cuando considere que no se requieren para<br>alguna de las finalidades se\u00f1aladas en el presente aviso de privacidad, est\u00e9n siendo utilizados para finalidades no<br>consentidas o haya finalizado la relaci\u00f3n contractual o de servicio, o (iv) oponerse al tratamiento de los mismos para fines<br>espec\u00edficos, seg\u00fan lo diga la ley, (conjuntamente, los \u201cDerechos ARCO\u201d).<\/p>\n<p>Para el ejercicio de sus Derechos ARCO, deber\u00e1 presentar una solicitud (la \u201cSolicitud Arco\u201d), al Responsable, a la atenci\u00f3n<br>Oficial de Privacidad, a la Direcci\u00f3n de Contacto, acompa\u00f1ada de la siguiente informaci\u00f3n y documentaci\u00f3n:<br>&nbsp; &nbsp; &nbsp;1. Su nombre, domicilio y correo electr\u00f3nico para poder comunicarle la respuesta a la Solicitud ARCO;<br>&nbsp; &nbsp; &nbsp;2. Una copia de los documentos que acrediten su identidad (copia de IFE, pasaporte o cualquier otra identificaci\u00f3n<br>&nbsp; &nbsp; &nbsp; &nbsp; &nbsp; oficial) o en su caso, los documentos que acrediten su representaci\u00f3n legar, cuyo original deber\u00e1 presentar para<br>&nbsp; &nbsp; &nbsp; &nbsp; &nbsp; poder recibir la respuesta del Responsable;<br>&nbsp; &nbsp; &nbsp;3. Una descripci\u00f3n clara y precisa de los datos personales respecto de los cuales busca ejercer alguno de los&nbsp; &nbsp; &nbsp; &nbsp; &nbsp; &nbsp; &nbsp; &nbsp; &nbsp; &nbsp; &nbsp; &nbsp; &nbsp; &nbsp; Derechos&nbsp;ARCO;<br>&nbsp; &nbsp; &nbsp;4. Cualquier documento o informaci\u00f3n que facilite la localizaci\u00f3n de sus datos personales, y;<br>&nbsp; &nbsp; &nbsp;5. En caso de solicitar una rectificaci\u00f3n de sus datos personales, deber\u00e1 de indicar tambi\u00e9n, las modificaciones a<br>&nbsp; &nbsp; &nbsp; &nbsp; &nbsp;realizarse y aportar la documentaci\u00f3n que sustente su petici\u00f3n.<br>El Oficial de Privacidad responder\u00e1 su Solicitud ARCO y los motivos de su decisi\u00f3n mediante un correo electr\u00f3nico.<\/p>\n<p><b>Derechos A.R.C.O.<\/b><\/p>\n<p>Los derechos de acceso, rectificaci\u00f3n, cancelaci\u00f3n y oposici\u00f3n de datos personales.<\/p>\n<p>Usted tiene derecho de acceder, rectificar y cancelar sus datos personales, as\u00ed como de oponerse al tratamiento de los<br>mismos o revocar el consentimiento que para tal fin nos haya otorgado, a trav\u00e9s de los procedimientos marcados por la Ley Federal de Protecci\u00f3n de Datos Personales en Posesi\u00f3n de los Particulares<\/p>\n<p>Si usted considera que su derecho de protecci\u00f3n de datos personales ha sido violado por alguna conducta de Hotel Klimt, podr\u00e1 interponer la queja o denuncia correspondiente ante el IFAI, para mayor informaci\u00f3n visite&nbsp;<a href=\"http:\/\/www.ifai.org.mx\" target=\"_blank\">www.ifai.org.mx<\/a><br>Cualquier duda, aclaraci\u00f3n y\/o rectificaci\u00f3n de datos comun\u00edquese al n\u00famero telef\u00f3nico: (228) 8 90 23 23 o al correo<br>electr\u00f3nico :&nbsp;<a href=\"mailto:Los datos personales solicitados son: \u2022 Nombre completo (Nombres, Apellido paterno y materno). \u2022&nbsp;Firma del Hu\u00e9sped \u2022&nbsp;Tel\u00e9fono de casa y Tel\u00e9fono celular. \u2022&nbsp;Datos de Tarjeta de cr\u00e9dito o debito \u2022&nbsp;E-mail. \u2022&nbsp;Domicilio. \u2022&nbsp;Estado de su Procedencia. \u2022&nbsp;RFC Esta informaci\u00f3n ser\u00e1 utilizada con las siguientes finalidades: \u2022 Seguridad en la estancia del hu\u00e9sped. \u2022&nbsp;Elaboraci\u00f3n de reservaciones \u2022&nbsp;Comprobantes fiscales. \u2022&nbsp;Env\u00edo de informaci\u00f3n promocional de la empresa \u2022&nbsp;Para generar una base de datos de los clientes; \u2022&nbsp;Mejora del control y realizaci\u00f3n de los procesos subsecuentes de servicio. Seguridad y resguardo de sus datos personales. Hotel Klimt tiene como finalidad que los datos personales y\/o datos sensibles, que en su caso sean recabados por virtud del presente Aviso de Privacidad, puedan ser utilizados para la debida operaci\u00f3n y fines del Hotel y a las autoridades gubernamentales que as\u00ed lo requieran; lo anterior con el objeto de que los mismos puedan ser utilizados para efectos, administrativos, mercadol\u00f3gicos, ventas, estad\u00edsticos y otros que puedan ser de inter\u00e9s y\/o en beneficio del Titular. El resguardo de los datos personales corre a cargo de Hotel Klimt, quien tomar\u00e1 las medidas necesarias para la evitar la p\u00e9rdida y\/o sustracci\u00f3n de la informaci\u00f3n almacenada en archivos f\u00edsicos y digitales. Nos comprometemos a no transferir su informaci\u00f3n personal a terceros sin su consentimiento, salvo las excepciones previstas en el art\u00edculo 37 de la Ley Federal de Protecci\u00f3n de Datos Personales en Posesi\u00f3n de los Particulares, as\u00ed como a realizar esta transferencia en los t\u00e9rminos que fija esa ley. Para las excepciones previstas en el art\u00edculo 37 de la Ley Federal de Protecci\u00f3n de Datos si usted no manifiesta su oposici\u00f3n para que sus datos personales sean transferidos, se entender\u00e1 que ha otorgado su consentimiento para ello. Medios para ejercer los derechos ARCO. Usted tiene el derecho de: (i) acceder a sus datos personales en nuestro poder y conocer los detalles del tratamiento de los mismos, (ii) rectificarlos en caso de ser inexactos o incompletos, (iii) cancelarlos cuando considere que no se requieren para alguna de las finalidades se\u00f1aladas en el presente aviso de privacidad, est\u00e9n siendo utilizados para finalidades no consentidas o haya finalizado la relaci\u00f3n contractual o de servicio, o (iv) oponerse al tratamiento de los mismos para fines espec\u00edficos, seg\u00fan lo diga la ley, (conjuntamente, los \u201cDerechos ARCO\u201d). Para el ejercicio de sus Derechos ARCO, deber\u00e1 presentar una solicitud (la \u201cSolicitud Arco\u201d), al Responsable, a la atenci\u00f3n Oficial de Privacidad, a la Direcci\u00f3n de Contacto, acompa\u00f1ada de la siguiente informaci\u00f3n y documentaci\u00f3n: &nbsp; &nbsp; &nbsp;1. Su nombre, domicilio y correo electr\u00f3nico para poder comunicarle la respuesta a la Solicitud ARCO; &nbsp; &nbsp; &nbsp;2. Una copia de los documentos que acrediten su identidad (copia de IFE, pasaporte o cualquier otra identificaci\u00f3n &nbsp; &nbsp; &nbsp; &nbsp; &nbsp; oficial) o en su caso, los documentos que acrediten su representaci\u00f3n legar, cuyo original deber\u00e1 presentar para &nbsp; &nbsp; &nbsp; &nbsp; &nbsp; poder recibir la respuesta del Responsable; &nbsp; &nbsp; &nbsp;3. Una descripci\u00f3n clara y precisa de los datos personales respecto de los cuales busca ejercer alguno de los Derechos &nbsp; &nbsp; &nbsp; &nbsp; &nbsp;ARCO; &nbsp; &nbsp; &nbsp;4. Cualquier documento o informaci\u00f3n que facilite la localizaci\u00f3n de sus datos personales, y; &nbsp; &nbsp; &nbsp;5. En caso de solicitar una rectificaci\u00f3n de sus datos personales, deber\u00e1 de indicar tambi\u00e9n, las modificaciones a &nbsp; &nbsp; &nbsp; &nbsp; &nbsp;realizarse y aportar la documentaci\u00f3n que sustente su petici\u00f3n. El Oficial de Privacidad responder\u00e1 su Solicitud ARCO y los motivos de su decisi\u00f3n mediante un correo electr\u00f3nico. Derechos A.R.C.O. Los derechos de acceso, rectificaci\u00f3n, cancelaci\u00f3n y oposici\u00f3n de datos personales. Usted tiene derecho de acceder, rectificar y cancelar sus datos personales, as\u00ed como de oponerse al tratamiento de los mismos o revocar el consentimiento que para tal fin nos haya otorgado, a trav\u00e9s de los procedimientos marcados por la Ley Federal de Protecci\u00f3n de Datos Personales en Posesi\u00f3n de los Particulares Si usted considera que su derecho de protecci\u00f3n de datos personales ha sido violado por alguna conducta de Hotel Klimt, podr\u00e1 interponer la queja o denuncia correspondiente ante el IFAI, para mayor informaci\u00f3n visite&nbsp;www.ifai.org.mx Cualquier duda, aclaraci\u00f3n y\/o rectificaci\u00f3n de datos comun\u00edquese al n\u00famero telef\u00f3nico: (228) 8 90 23 23 o al correo electr\u00f3nico:&nbsp;contactohotelklimt@gmail.com\" target=\"_blank\">contactohotelklimt@gmail.com<\/a><\/p>\t\t\t\t\t\t<\/div>\n\t\t\t\t<\/div>\n\t\t\t\t\t<\/div>\n\t\t<\/div>\n\t\t\t\t\t\t\t<\/div>\n\t\t<\/section>\n\t\t\t\t\t\t\t<\/div>\n\t\t","protected":false},"excerpt":{"rendered":"<p>Aviso de Privacidad Hotel Klimt con domicilio en Av. Miguel Alem\u00e1n #310 Colonia Laderas de Macuiltepetl, Cp. 91130, Xalapa, Veracruz, M\u00e9xico, es responsable de la obtenci\u00f3n y uso de sus datos personales, del uso que se les d\u00e9, as\u00ed como de su protecci\u00f3n.En atenci\u00f3n a los se\u00f1alado en los art\u00edculos 8,15,16 y 36 de la [&hellip;]<\/p>\n","protected":false},"author":1,"featured_media":0,"parent":0,"menu_order":0,"comment_status":"closed","ping_status":"open","template":"elementor_header_footer","meta":{"footnotes":""},"class_list":["post-3","page","type-page","status-publish","hentry"],"yoast_head":"<!-- This site is optimized with the Yoast SEO plugin v27.1.1 - https:\/\/yoast.com\/product\/yoast-seo-wordpress\/ -->\n<title>Pol\u00edtica de Privacidad | Hotel en Xalapa<\/title>\n<meta name=\"description\" content=\"Lee nuestro Aviso de Privacidad para conocer c\u00f3mo recopilamos, utilizamos y protegemos tu informaci\u00f3n personal.\" \/>\n<meta name=\"robots\" content=\"index, follow, max-snippet:-1, max-image-preview:large, max-video-preview:-1\" \/>\n<link rel=\"canonical\" href=\"https:\/\/hotelklimtxalapa.com\/en\/aviso-de-privacidad\/\" \/>\n<script type=\"application\/ld+json\" class=\"yoast-schema-graph\">{\"@context\":\"https:\/\/schema.org\",\"@graph\":[{\"@type\":\"BreadcrumbList\",\"@id\":\"https:\/\/hotelklimtxalapa.com\/aviso-de-privacidad\/#breadcrumb\",\"itemListElement\":[{\"@type\":\"ListItem\",\"position\":1,\"name\":\"Portada\",\"item\":\"https:\/\/hotelklimtxalapa.com\/\"},{\"@type\":\"ListItem\",\"position\":2,\"name\":\"Pol\u00edtica de Privacidad\"}]}]}<\/script>\n<!-- \/ Yoast SEO plugin. -->","yoast_head_json":{"title":"Privacy Policy | Hotel in Xalapa","description":"Read our Privacy Notice to learn how we collect, use, and protect your personal information.","robots":{"index":"index","follow":"follow","max-snippet":"max-snippet:-1","max-image-preview":"max-image-preview:large","max-video-preview":"max-video-preview:-1"},"canonical":"https:\/\/hotelklimtxalapa.com\/en\/aviso-de-privacidad\/","schema":{"@context":"https:\/\/schema.org","@graph":[{"@type":"BreadcrumbList","@id":"https:\/\/hotelklimtxalapa.com\/aviso-de-privacidad\/#breadcrumb","itemListElement":[{"@type":"ListItem","position":1,"name":"Portada","item":"https:\/\/hotelklimtxalapa.com\/"},{"@type":"ListItem","position":2,"name":"Pol\u00edtica de Privacidad"}]}]}},"jetpack_sharing_enabled":true,"_links":{"self":[{"href":"https:\/\/hotelklimtxalapa.com\/en\/wp-json\/wp\/v2\/pages\/3","targetHints":{"allow":["GET"]}}],"collection":[{"href":"https:\/\/hotelklimtxalapa.com\/en\/wp-json\/wp\/v2\/pages"}],"about":[{"href":"https:\/\/hotelklimtxalapa.com\/en\/wp-json\/wp\/v2\/types\/page"}],"author":[{"embeddable":true,"href":"https:\/\/hotelklimtxalapa.com\/en\/wp-json\/wp\/v2\/users\/1"}],"replies":[{"embeddable":true,"href":"https:\/\/hotelklimtxalapa.com\/en\/wp-json\/wp\/v2\/comments?post=3"}],"version-history":[{"count":90,"href":"https:\/\/hotelklimtxalapa.com\/en\/wp-json\/wp\/v2\/pages\/3\/revisions"}],"predecessor-version":[{"id":15735,"href":"https:\/\/hotelklimtxalapa.com\/en\/wp-json\/wp\/v2\/pages\/3\/revisions\/15735"}],"wp:attachment":[{"href":"https:\/\/hotelklimtxalapa.com\/en\/wp-json\/wp\/v2\/media?parent=3"}],"curies":[{"name":"wp","href":"https:\/\/api.w.org\/{rel}","templated":true}]}}