{"id":8590,"date":"2022-05-13T17:58:28","date_gmt":"2022-05-13T17:58:28","guid":{"rendered":"https:\/\/hotelklimtxalapa.com\/?page_id=8590"},"modified":"2025-07-25T18:21:00","modified_gmt":"2025-07-25T18:21:00","slug":"clausulas","status":"publish","type":"page","link":"https:\/\/hotelklimtxalapa.com\/en\/clausulas\/","title":{"rendered":"clauses"},"content":{"rendered":"<div data-elementor-type=\"wp-page\" data-elementor-id=\"8590\" class=\"elementor elementor-8590\">\n\t\t\t\t\t\t\t\t\t<section class=\"elementor-section  lazyelementorbackgroundimages elementor-top-section elementor-element elementor-element-7310cca5 elementor-section-boxed elementor-section-height-default elementor-section-height-default\" data-id=\"7310cca5\" data-element_type=\"section\">\n\t\t\t\t\t\t<div class=\"elementor-container elementor-column-gap-default\">\n\t\t\t\t\t<div class=\"elementor-column elementor-col-100 elementor-top-column elementor-element elementor-element-6abb9c80\" data-id=\"6abb9c80\" data-element_type=\"column\">\n\t\t\t<div class=\"elementor-widget-wrap lazyelementorbackgroundimages  elementor-element-populated\">\n\t\t\t\t\t\t\t\t<div class=\"elementor-element elementor-element-497b8479 elementor-widget elementor-widget-text-editor\" data-id=\"497b8479\" data-element_type=\"widget\" data-widget_type=\"text-editor.default\">\n\t\t\t\t<div class=\"elementor-widget-container\">\n\t\t\t<style>\/*! elementor - v3.9.2 - 21-12-2022 *\/\n.elementor-widget-text-editor.elementor-drop-cap-view-stacked .elementor-drop-cap{background-color:#818a91;color:#fff}.elementor-widget-text-editor.elementor-drop-cap-view-framed .elementor-drop-cap{color:#818a91;border:3px solid;background-color:transparent}.elementor-widget-text-editor:not(.elementor-drop-cap-view-default) .elementor-drop-cap{margin-top:8px}.elementor-widget-text-editor:not(.elementor-drop-cap-view-default) .elementor-drop-cap-letter{width:1em;height:1em}.elementor-widget-text-editor .elementor-drop-cap{float:left;text-align:center;line-height:1;font-size:50px}.elementor-widget-text-editor .elementor-drop-cap-letter{display:inline-block}<\/style>\t\t\t\t<p><strong>CLAUSES<\/strong><\/p><p>This contract contains the conditions to which any person who enters the facilities of this hotel and its variants must be subject.<\/p><ol><li style=\"list-style-type: none;\"><ol><li>We inform you that it is mandatory to present the following documentation at reception to check-in:<br \/>to. Official identity document.<br \/>b. Digital or printed document of reservation confirmation.<br \/>c. In the event that you do not present the aforementioned documentation at reception, the hotel will not be able to answer for any error related to the reservation, be it the rate, number of people and\/or contracted services and may ask you to make the payment of the reservation at the hotel.<br \/>d. Check-in (arrival time) can be done at 15:00 and Check-out (departure time) at 12:00.<\/li><li>The hotel will try to fulfill the special wishes of the clients, according to availability and possibilities. For more information contact the hotel.<\/li><li>The reservation prices include taxes.<\/li><li>All reservations can be canceled 24 hours prior to arrival without charge; Cancellations after 24 hours will incur a no-show charge for the first night. Non-guaranteed rooms expire at 6:00 p.m. on the day of arrival and the hotel may dispose of them.<\/li><li>Minors are not allowed to enter alone, all minors must be accompanied by an adult, minors are the responsibility of their parents or the person who comes with them, so we are not responsible for any accident that occurs on the premises.<\/li><li>The guest will be responsible for the damages caused to the facilities in general, this includes the parking lot, whether due to misuse, recklessness or intentionally, for the amount that the hotel&#039;s administrative staff deems.<\/li><li>If the damage is committed by a minor, he will be responsible for the damage to his parents or the adult who comes with him.<\/li><li>It is not responsible for objects not deposited at reception, nor for blows in the parking lot to cars.<\/li><li>Inside the rooms, smoking, noise, slamming doors, blows or sound devices at excessive volume are prohibited. If these cases occur, the administration will proceed to evict the person responsible for breaking in with the peace of mind of the other guests, without this action represents the obligation of the reimbursement paid for the room.<\/li><li>Please notify reception if your room presents any anomaly or damage.<\/li><li>The guest must answer for the missing items in the room or that present some damage that makes it impossible to use them.<\/li><li>The hotel reserves the right to cancel your reservation in the event of overbooking or circumstances beyond its control, refunding 100% of your payment.<\/li><\/ol><\/li><\/ol><p><!-- \/wp:paragraph --><\/p>\t\t\t\t\t\t<\/div>\n\t\t\t\t<\/div>\n\t\t\t\t\t<\/div>\n\t\t<\/div>\n\t\t\t\t\t\t\t<\/div>\n\t\t<\/section>\n\t\t\t\t\t\t\t<\/div>","protected":false},"excerpt":{"rendered":"<p>CL\u00c1USULAS Este contrato contiene las condiciones a las cuales deber\u00e1 sujetarse toda persona que ingrese a las instalaciones de este hotel y en sus variantes. Informamos que es obligatorio presentar en recepci\u00f3n la siguiente documentaci\u00f3n para realizar el check-in:a. Documento oficial de identidad.b. Documento digital o impreso de confirmaci\u00f3n de reserva.c. En caso de que [&hellip;]<\/p>\n","protected":false},"author":1,"featured_media":0,"parent":0,"menu_order":0,"comment_status":"closed","ping_status":"closed","template":"","meta":{"footnotes":""},"class_list":["post-8590","page","type-page","status-publish","hentry"],"yoast_head":"<!-- This site is optimized with the Yoast SEO plugin v27.1.1 - https:\/\/yoast.com\/product\/yoast-seo-wordpress\/ -->\n<title>Cl\u00e1usulas | Hotel en Xalapa<\/title>\n<meta name=\"description\" content=\"Revisa nuestras cl\u00e1usulas y condiciones para comprender los t\u00e9rminos y normas que rigen el uso de nuestros servicios.\" \/>\n<meta name=\"robots\" content=\"index, follow, max-snippet:-1, max-image-preview:large, max-video-preview:-1\" \/>\n<link rel=\"canonical\" href=\"https:\/\/hotelklimtxalapa.com\/en\/clausulas\/\" \/>\n<script type=\"application\/ld+json\" class=\"yoast-schema-graph\">{\"@context\":\"https:\/\/schema.org\",\"@graph\":[{\"@type\":\"BreadcrumbList\",\"@id\":\"https:\/\/hotelklimtxalapa.com\/clausulas\/#breadcrumb\",\"itemListElement\":[{\"@type\":\"ListItem\",\"position\":1,\"name\":\"Portada\",\"item\":\"https:\/\/hotelklimtxalapa.com\/\"},{\"@type\":\"ListItem\",\"position\":2,\"name\":\"Cl\u00e1usulas\"}]}]}<\/script>\n<!-- \/ Yoast SEO plugin. -->","yoast_head_json":{"title":"Clauses | Hotel in Xalapa","description":"Review our terms and conditions to understand the terms and rules that govern your use of our services.","robots":{"index":"index","follow":"follow","max-snippet":"max-snippet:-1","max-image-preview":"max-image-preview:large","max-video-preview":"max-video-preview:-1"},"canonical":"https:\/\/hotelklimtxalapa.com\/en\/clausulas\/","schema":{"@context":"https:\/\/schema.org","@graph":[{"@type":"BreadcrumbList","@id":"https:\/\/hotelklimtxalapa.com\/clausulas\/#breadcrumb","itemListElement":[{"@type":"ListItem","position":1,"name":"Portada","item":"https:\/\/hotelklimtxalapa.com\/"},{"@type":"ListItem","position":2,"name":"Cl\u00e1usulas"}]}]}},"jetpack_sharing_enabled":true,"_links":{"self":[{"href":"https:\/\/hotelklimtxalapa.com\/en\/wp-json\/wp\/v2\/pages\/8590","targetHints":{"allow":["GET"]}}],"collection":[{"href":"https:\/\/hotelklimtxalapa.com\/en\/wp-json\/wp\/v2\/pages"}],"about":[{"href":"https:\/\/hotelklimtxalapa.com\/en\/wp-json\/wp\/v2\/types\/page"}],"author":[{"embeddable":true,"href":"https:\/\/hotelklimtxalapa.com\/en\/wp-json\/wp\/v2\/users\/1"}],"replies":[{"embeddable":true,"href":"https:\/\/hotelklimtxalapa.com\/en\/wp-json\/wp\/v2\/comments?post=8590"}],"version-history":[{"count":30,"href":"https:\/\/hotelklimtxalapa.com\/en\/wp-json\/wp\/v2\/pages\/8590\/revisions"}],"predecessor-version":[{"id":16332,"href":"https:\/\/hotelklimtxalapa.com\/en\/wp-json\/wp\/v2\/pages\/8590\/revisions\/16332"}],"wp:attachment":[{"href":"https:\/\/hotelklimtxalapa.com\/en\/wp-json\/wp\/v2\/media?parent=8590"}],"curies":[{"name":"wp","href":"https:\/\/api.w.org\/{rel}","templated":true}]}}